{"id":82,"date":"2024-12-12T11:21:25","date_gmt":"2024-12-12T10:21:25","guid":{"rendered":"https:\/\/bodegasramonsaenz.com\/latienda\/?post_type=product&#038;p=82"},"modified":"2025-11-25T23:23:09","modified_gmt":"2025-11-25T22:23:09","slug":"ramon-saenz-lvl-one-tinto-ecologico-caja-de-3-botellas-de-75-cl","status":"publish","type":"product","link":"https:\/\/bodegasramonsaenz.com\/latienda\/producto\/ramon-saenz-lvl-one-tinto-ecologico-caja-de-3-botellas-de-75-cl\/","title":{"rendered":"Ram\u00f3n S\u00e1enz, lvl one, tinto ecol\u00f3gico (caja de 3 botellas de 75 cl.)"},"content":{"rendered":"<p>Con amor y respeto por la naturaleza, dedico mi esfuerzo al cuidado del vi\u00f1edo en la zona de Rioja Alavesa. Con lo aprendido en el camino elaboro este vino con la ilusi\u00f3n de alcanzar su m\u00e1s alta expresi\u00f3n.<\/p>\n<p>En cada botella reposa el fruto de una conexi\u00f3n especial con la naturaleza y un viaje de constante superaci\u00f3n, el arte de crear momentos \u00fanicos que nace de la uni\u00f3n entre la tierra y el coraz\u00f3n.<\/p>\n<p>PARCELAS<br \/>\nSelecci\u00f3n parcelas situadas en Ba\u00f1os de Ebro, Rioja Alavesa.<\/p>\n<p>VI\u00d1EDOS<br \/>\nPlantaci\u00f3n con variedades de baja producci\u00f3n, racimos con bayas separadas, suelo arcillo-calc\u00e1reo.<br \/>\nRendimiento medio de 3500 kg\/Ha.<\/p>\n<p>VITICULTURA<br \/>\nSe practica la agricultura ecol\u00f3gica certificada mediante organismo de control.<\/p>\n<p>VARIEDADES<br \/>\n100% Tempranillo.<\/p>\n<p>VENDIMIA<br \/>\nSelecci\u00f3n manual de racimos, se transporta en cajas de 10 o 15 kg m\u00e1ximo.<\/p>\n<p>ELABORACI\u00d3N<br \/>\n100% despalillado a mano, con selecci\u00f3n de grano. Control de temperatura para mantener la expresi\u00f3n frutal, con pisado y remontado diario. Criando en barrica de roble franc\u00e9s de 500 litros, tiempo seg\u00fan la a\u00f1ada.<\/p>\n","protected":false},"excerpt":{"rendered":"<p><img loading=\"lazy\" decoding=\"async\" class=\"alignnone wp-image-15\" src=\"https:\/\/bodegasramonsaenz.com\/latienda\/wp-content\/uploads\/2024\/01\/sello-ecologico-300x200-1.png\" alt=\"\" width=\"120\" height=\"80\" \/><\/p>\n<p><strong>A\u00d1ADA 2021 &#8211; VINO ECOL\u00d3GICO &#8211; SELECCI\u00d3N GRANO A GRANO &#8211; VARIAS PARCELAS<\/strong><\/p>\n<p>PARCELAS<br \/>\nSelecci\u00f3n parcelas situadas en Ba\u00f1os de Ebro, Rioja Alavesa.<\/p>\n<p>VI\u00d1EDOS<br \/>\nPlantaci\u00f3n con variedades de baja producci\u00f3n, racimos con bayas separadas, suelo arcillo-calc\u00e1reo.<br \/>\nRendimiento medio de 3500 kg\/Ha.<\/p>\n<p>VITICULTURA<br \/>\nSe practica la agricultura ecol\u00f3gica certificada mediante organismo de control.<\/p>\n<p>VARIEDADES<br \/>\n100% Tempranillo.<\/p>\n<p>VENDIMIA<br \/>\nSelecci\u00f3n manual de racimos, se transporta en cajas de 10 o 15 kg m\u00e1ximo.<\/p>\n<p>ELABORACI\u00d3N<br \/>\n100% despalillado a mano, con selecci\u00f3n de grano. Control de temperatura para mantener la expresi\u00f3n frutal, con pisado y remontado diario. Criando en barrica de roble franc\u00e9s de 500 litros, tiempo seg\u00fan la a\u00f1ada.<\/p>\n","protected":false},"featured_media":83,"comment_status":"open","ping_status":"closed","template":"","meta":[],"product_cat":[15],"product_tag":[],"class_list":{"0":"post-82","1":"product","2":"type-product","3":"status-publish","4":"has-post-thumbnail","6":"product_cat-sin-categorizar","8":"first","9":"instock","10":"shipping-taxable","11":"purchasable","12":"product-type-simple"},"_links":{"self":[{"href":"https:\/\/bodegasramonsaenz.com\/latienda\/wp-json\/wp\/v2\/product\/82","targetHints":{"allow":["GET"]}}],"collection":[{"href":"https:\/\/bodegasramonsaenz.com\/latienda\/wp-json\/wp\/v2\/product"}],"about":[{"href":"https:\/\/bodegasramonsaenz.com\/latienda\/wp-json\/wp\/v2\/types\/product"}],"replies":[{"embeddable":true,"href":"https:\/\/bodegasramonsaenz.com\/latienda\/wp-json\/wp\/v2\/comments?post=82"}],"wp:featuredmedia":[{"embeddable":true,"href":"https:\/\/bodegasramonsaenz.com\/latienda\/wp-json\/wp\/v2\/media\/83"}],"wp:attachment":[{"href":"https:\/\/bodegasramonsaenz.com\/latienda\/wp-json\/wp\/v2\/media?parent=82"}],"wp:term":[{"taxonomy":"product_cat","embeddable":true,"href":"https:\/\/bodegasramonsaenz.com\/latienda\/wp-json\/wp\/v2\/product_cat?post=82"},{"taxonomy":"product_tag","embeddable":true,"href":"https:\/\/bodegasramonsaenz.com\/latienda\/wp-json\/wp\/v2\/product_tag?post=82"}],"curies":[{"name":"wp","href":"https:\/\/api.w.org\/{rel}","templated":true}]}}