{"id":23,"date":"2024-01-22T13:31:19","date_gmt":"2024-01-22T12:31:19","guid":{"rendered":"https:\/\/bodegasramonsaenz.com\/latienda\/?post_type=product&#038;p=23"},"modified":"2025-02-16T19:11:00","modified_gmt":"2025-02-16T18:11:00","slug":"cimadago-autor-tinto-ecologico-caja-de-6-botellas-de-75-cl","status":"publish","type":"product","link":"https:\/\/bodegasramonsaenz.com\/latienda\/producto\/cimadago-autor-tinto-ecologico-caja-de-6-botellas-de-75-cl\/","title":{"rendered":"Cimadago autor, tinto ecol\u00f3gico, (caja de 6 botellas de 75 cl.)"},"content":{"rendered":"<p>Su nombre nace de la uni\u00f3n de dos palabras, cima y mu\u00e9rdago.<br \/>\nLa cima, donde se encuentran situados los vi\u00f1edos en los montes m\u00e1s altos de nuestra localidad y mu\u00e9rdago una planta semipar\u00e1sita que se adhiere a los almendros que a\u00fan permanecen en el per\u00edmetro de los vi\u00f1edos.<\/p>\n<p>PARCELAS<br \/>\nSelecci\u00f3n de parcelas situadas en Ba\u00f1os de Ebro, Rioja Alavesa.<\/p>\n<p>VI\u00d1EDOS<br \/>\nPlantaciones desde 1910 a 2007, suelo arcillo-calc\u00e1reo.<br \/>\nRendimiento de 4500 kg\/Ha.<\/p>\n<p>VITICULTURA<br \/>\nSe practica la agricultura ecol\u00f3gica certificada mediante organismo de control.<\/p>\n<p>VARIEDADES<br \/>\n80% Tempranillo, 10% Garnacha y 10% Graciano.<\/p>\n<p>VENDIMIA<br \/>\nManual, se transporta en cajas de un m\u00e1ximo de 20kg.<\/p>\n<p>ELABORACI\u00d3N<br \/>\n70% despalillado y 30% uva entera.<br \/>\nSe cr\u00eda en barrica de roble franc\u00e9s durante 12 meses.<\/p>\n","protected":false},"excerpt":{"rendered":"<p><img loading=\"lazy\" decoding=\"async\" class=\"alignnone wp-image-15\" src=\"https:\/\/bodegasramonsaenz.com\/latienda\/wp-content\/uploads\/2024\/01\/sello-ecologico-300x200-1.png\" alt=\"\" width=\"120\" height=\"80\" \/><\/p>\n<p><strong>A\u00d1ADA 2019 &#8211; VINO ECOL\u00d3GICO &#8211; DESGRANADO &#8211; VARIAS PARCELAS<\/strong><\/p>\n<p>PARCELAS<br \/>\nSelecci\u00f3n de parcelas situadas en Ba\u00f1os de Ebro, Rioja Alavesa.<\/p>\n<p>VI\u00d1EDOS<br \/>\nPlantaciones desde 1910 a 2007, suelo arcillo-calc\u00e1reo.<br \/>\nRendimiento de 4500 kg\/Ha.<\/p>\n<p>VITICULTURA<br \/>\nSe practica la agricultura ecol\u00f3gica certificada mediante organismo de control.<\/p>\n<p>VARIEDADES<br \/>\n80% Tempranillo, 10% Garnacha y 10% Graciano.<\/p>\n<p>VENDIMIA<br \/>\nManual, se transporta en cajas de un m\u00e1ximo de 20kg.<\/p>\n<p>ELABORACI\u00d3N<br \/>\n70% despalillado y 30% uva entera.<br \/>\nSe cr\u00eda en barrica de roble franc\u00e9s durante 12 meses.<\/p>\n","protected":false},"featured_media":24,"comment_status":"open","ping_status":"closed","template":"","meta":[],"product_cat":[15],"product_tag":[],"class_list":{"0":"post-23","1":"product","2":"type-product","3":"status-publish","4":"has-post-thumbnail","6":"product_cat-sin-categorizar","8":"first","9":"instock","10":"sale","11":"shipping-taxable","12":"purchasable","13":"product-type-simple"},"_links":{"self":[{"href":"https:\/\/bodegasramonsaenz.com\/latienda\/wp-json\/wp\/v2\/product\/23","targetHints":{"allow":["GET"]}}],"collection":[{"href":"https:\/\/bodegasramonsaenz.com\/latienda\/wp-json\/wp\/v2\/product"}],"about":[{"href":"https:\/\/bodegasramonsaenz.com\/latienda\/wp-json\/wp\/v2\/types\/product"}],"replies":[{"embeddable":true,"href":"https:\/\/bodegasramonsaenz.com\/latienda\/wp-json\/wp\/v2\/comments?post=23"}],"wp:featuredmedia":[{"embeddable":true,"href":"https:\/\/bodegasramonsaenz.com\/latienda\/wp-json\/wp\/v2\/media\/24"}],"wp:attachment":[{"href":"https:\/\/bodegasramonsaenz.com\/latienda\/wp-json\/wp\/v2\/media?parent=23"}],"wp:term":[{"taxonomy":"product_cat","embeddable":true,"href":"https:\/\/bodegasramonsaenz.com\/latienda\/wp-json\/wp\/v2\/product_cat?post=23"},{"taxonomy":"product_tag","embeddable":true,"href":"https:\/\/bodegasramonsaenz.com\/latienda\/wp-json\/wp\/v2\/product_tag?post=23"}],"curies":[{"name":"wp","href":"https:\/\/api.w.org\/{rel}","templated":true}]}}