{"id":19,"date":"2024-01-22T13:29:17","date_gmt":"2024-01-22T12:29:17","guid":{"rendered":"https:\/\/bodegasramonsaenz.com\/latienda\/?post_type=product&#038;p=19"},"modified":"2025-09-13T09:17:13","modified_gmt":"2025-09-13T07:17:13","slug":"ramon-saenz-piedras-rodantes-tinto-ecologico-caja-de-6-botellas-de-75-cl","status":"publish","type":"product","link":"https:\/\/bodegasramonsaenz.com\/latienda\/producto\/ramon-saenz-piedras-rodantes-tinto-ecologico-caja-de-6-botellas-de-75-cl\/","title":{"rendered":"Ram\u00f3n S\u00e1enz, piedras rodantes, tinto ecol\u00f3gico (caja de 6 botellas de 75 cl.)"},"content":{"rendered":"<p>Una parcela peculiar por el tipo de suelo, muy pedregoso y adem\u00e1s en una ladera formando peque\u00f1os escalones lo que hace que estas piedras acaben rodando poco a poco hacia abajo concentr\u00e1ndose as\u00ed m\u00e1s en la parte baja. Mi abuelo materno, natural de Villalba de Rioja, aconsejo a mi padre plantar algo de la variedad Graciano aportando a este caldo color y aromas singulares. Dedicado a toda la familia por su trabajo a\u00f1o tras a\u00f1o.<\/p>\n<p>PARCELAS<br \/>\nUna \u00fanica parcela situada en Ba\u00f1os de Ebro, Rioja Alavesa.<\/p>\n<p>VI\u00d1EDOS<br \/>\nPlantaci\u00f3n realizada en 1976, suelo arcillo-calc\u00e1reo muy pedregoso.<br \/>\nRendimiento medio de 4000 kg\/Ha.<\/p>\n<p>VITICULTURA<br \/>\nSe practica la agricultura ecol\u00f3gica certificada mediante organismo de control.<\/p>\n<p>VARIEDADES<br \/>\n85% Tempranillo y 15% Graciano.<\/p>\n<p>VENDIMIA<br \/>\nManual, se transporta la uva en cajas de entre 10 a 15 kg.<\/p>\n<p>ELABORACI\u00d3N<br \/>\n100% despalillado, 60% con maquina y 40% a mano grano a grano. Control de temperatura para mantener la expresi\u00f3n frutal, con pisado y remontado diario.<br \/>\nCriando en barrica de roble franc\u00e9s, tiempo seg\u00fan la a\u00f1ada.<\/p>\n","protected":false},"excerpt":{"rendered":"<p><img loading=\"lazy\" decoding=\"async\" class=\"alignnone wp-image-15\" src=\"https:\/\/bodegasramonsaenz.com\/latienda\/wp-content\/uploads\/2024\/01\/sello-ecologico-300x200-1.png\" alt=\"\" width=\"120\" height=\"80\" \/><\/p>\n<p><strong>A\u00d1ADA 2020 &#8211; VINO ECOL\u00d3GICO &#8211; DESGRANADO &#8211; UNA SOLA PARCELA<\/strong><\/p>\n<p>PARCELAS<br \/>\nUna \u00fanica parcela situada en Ba\u00f1os de Ebro, Rioja Alavesa.<\/p>\n<p>VI\u00d1EDOS<br \/>\nPlantaci\u00f3n realizada en 1976, suelo arcillo-calc\u00e1reo muy pedregoso.<br \/>\nRendimiento medio de 4000 kg\/Ha.<\/p>\n<p>VITICULTURA<br \/>\nSe practica la agricultura ecol\u00f3gica certificada mediante organismo de control.<\/p>\n<p>VARIEDADES<br \/>\n85% Tempranillo y 15% Graciano.<\/p>\n<p>VENDIMIA<br \/>\nManual, se transporta la uva en cajas de entre 10 a 15 kg.<\/p>\n<p>ELABORACI\u00d3N<br \/>\n100% despalillado, 60% con maquina y 40% a mano grano a grano. Control de temperatura para mantener la expresi\u00f3n frutal, con pisado y remontado diario.<br \/>\nCriando en barrica de roble franc\u00e9s, tiempo seg\u00fan la a\u00f1ada.<\/p>\n<p>&nbsp;<\/p>\n","protected":false},"featured_media":20,"comment_status":"open","ping_status":"closed","template":"","meta":[],"product_cat":[15],"product_tag":[],"class_list":{"0":"post-19","1":"product","2":"type-product","3":"status-publish","4":"has-post-thumbnail","6":"product_cat-sin-categorizar","8":"first","9":"instock","10":"shipping-taxable","11":"purchasable","12":"product-type-simple"},"_links":{"self":[{"href":"https:\/\/bodegasramonsaenz.com\/latienda\/wp-json\/wp\/v2\/product\/19","targetHints":{"allow":["GET"]}}],"collection":[{"href":"https:\/\/bodegasramonsaenz.com\/latienda\/wp-json\/wp\/v2\/product"}],"about":[{"href":"https:\/\/bodegasramonsaenz.com\/latienda\/wp-json\/wp\/v2\/types\/product"}],"replies":[{"embeddable":true,"href":"https:\/\/bodegasramonsaenz.com\/latienda\/wp-json\/wp\/v2\/comments?post=19"}],"wp:featuredmedia":[{"embeddable":true,"href":"https:\/\/bodegasramonsaenz.com\/latienda\/wp-json\/wp\/v2\/media\/20"}],"wp:attachment":[{"href":"https:\/\/bodegasramonsaenz.com\/latienda\/wp-json\/wp\/v2\/media?parent=19"}],"wp:term":[{"taxonomy":"product_cat","embeddable":true,"href":"https:\/\/bodegasramonsaenz.com\/latienda\/wp-json\/wp\/v2\/product_cat?post=19"},{"taxonomy":"product_tag","embeddable":true,"href":"https:\/\/bodegasramonsaenz.com\/latienda\/wp-json\/wp\/v2\/product_tag?post=19"}],"curies":[{"name":"wp","href":"https:\/\/api.w.org\/{rel}","templated":true}]}}