{"id":17,"date":"2024-01-22T13:28:12","date_gmt":"2024-01-22T12:28:12","guid":{"rendered":"https:\/\/bodegasramonsaenz.com\/latienda\/?post_type=product&#038;p=17"},"modified":"2025-11-25T23:24:17","modified_gmt":"2025-11-25T22:24:17","slug":"ramon-saenz-pasion-de-vida-tinto-ecologico-caja-de-6-botellas-de-75-cl","status":"publish","type":"product","link":"https:\/\/bodegasramonsaenz.com\/latienda\/producto\/ramon-saenz-pasion-de-vida-tinto-ecologico-caja-de-6-botellas-de-75-cl\/","title":{"rendered":"Ram\u00f3n S\u00e1enz, pasi\u00f3n de vida, tinto ecol\u00f3gico (caja de 6 botellas de 75 cl.)"},"content":{"rendered":"<p>En memoria de mi abuelo Ces\u00e1reo S\u00e1enz, pionero en nuestra villa de Ba\u00f1os de Ebro (Ma\u00f1ueta) en la venta de vino joven envasado en garraf\u00f3n y posteriormente embotellado. Amante de la tierra y del trabajo. Luchador incansable, que puso el list\u00f3n muy alto y nos dio una lecci\u00f3n de coraje y tes\u00f3n. Dedic\u00f3 todos los a\u00f1os de su vida al buen hacer en el campo y a elaborar buenos vinos.<\/p>\n<p>PARCELAS<br \/>\nVarias parcelas situadas en Ba\u00f1os de Ebro, Rioja Alavesa.<\/p>\n<p>VI\u00d1EDOS<br \/>\nPlantaciones desde 1910 a 2007, suelo arcillo-calc\u00e1reo.<br \/>\nRendimiento de 4500 kg\/Ha.<\/p>\n<p>VITICULTURA<br \/>\nSe practica la agricultura ecol\u00f3gica certificada mediante organismo de control.<\/p>\n<p>VARIEDADES<br \/>\n95% Tempranillo y 5% Viura.<\/p>\n<p>VENDIMIA<br \/>\nManual, se transporta la uva en remolques con un m\u00e1ximo de 2000kg.<\/p>\n<p>ELABORACI\u00d3N<br \/>\nMaceraci\u00f3n carb\u00f3nica, m\u00e9todo tradicional donde la uva se fermenta sin despalillar controlando la temperatura para una mayor expresi\u00f3n frutal.<\/p>\n","protected":false},"excerpt":{"rendered":"<p><img loading=\"lazy\" decoding=\"async\" class=\"alignnone wp-image-15\" src=\"https:\/\/bodegasramonsaenz.com\/latienda\/wp-content\/uploads\/2024\/01\/sello-ecologico-300x200-1.png\" alt=\"\" width=\"120\" height=\"80\" \/><\/p>\n<p><strong>A\u00d1ADA 2023 &#8211; VINO ECOL\u00d3GICO &#8211; MACERACI\u00d3N CARB\u00d3NICA &#8211; VARIAS PARCELAS<\/strong><\/p>\n<p>PARCELAS<br \/>\nVarias parcelas situadas en Ba\u00f1os de Ebro, Rioja Alavesa.<\/p>\n<p>VI\u00d1EDOS<br \/>\nPlantaciones desde 1910 a 2007, suelo arcillo-calc\u00e1reo.<br \/>\nRendimiento de 4500 kg\/Ha.<\/p>\n<p>VITICULTURA<br \/>\nSe practica la agricultura ecol\u00f3gica certificada mediante organismo de control.<\/p>\n<p>VARIEDADES<br \/>\n95% Tempranillo y 5% Viura.<\/p>\n<p>VENDIMIA<br \/>\nManual, se transporta la uva en remolques con un m\u00e1ximo de 2000kg.<\/p>\n<p>ELABORACI\u00d3N<br \/>\nMaceraci\u00f3n carb\u00f3nica, m\u00e9todo tradicional donde la uva se fermenta sin despalillar controlando la temperatura para una mayor expresi\u00f3n frutal.<\/p>\n","protected":false},"featured_media":18,"comment_status":"open","ping_status":"closed","template":"","meta":[],"product_cat":[15],"product_tag":[],"class_list":{"0":"post-17","1":"product","2":"type-product","3":"status-publish","4":"has-post-thumbnail","6":"product_cat-sin-categorizar","8":"first","9":"outofstock","10":"sale","11":"shipping-taxable","12":"purchasable","13":"product-type-simple"},"_links":{"self":[{"href":"https:\/\/bodegasramonsaenz.com\/latienda\/wp-json\/wp\/v2\/product\/17","targetHints":{"allow":["GET"]}}],"collection":[{"href":"https:\/\/bodegasramonsaenz.com\/latienda\/wp-json\/wp\/v2\/product"}],"about":[{"href":"https:\/\/bodegasramonsaenz.com\/latienda\/wp-json\/wp\/v2\/types\/product"}],"replies":[{"embeddable":true,"href":"https:\/\/bodegasramonsaenz.com\/latienda\/wp-json\/wp\/v2\/comments?post=17"}],"wp:featuredmedia":[{"embeddable":true,"href":"https:\/\/bodegasramonsaenz.com\/latienda\/wp-json\/wp\/v2\/media\/18"}],"wp:attachment":[{"href":"https:\/\/bodegasramonsaenz.com\/latienda\/wp-json\/wp\/v2\/media?parent=17"}],"wp:term":[{"taxonomy":"product_cat","embeddable":true,"href":"https:\/\/bodegasramonsaenz.com\/latienda\/wp-json\/wp\/v2\/product_cat?post=17"},{"taxonomy":"product_tag","embeddable":true,"href":"https:\/\/bodegasramonsaenz.com\/latienda\/wp-json\/wp\/v2\/product_tag?post=17"}],"curies":[{"name":"wp","href":"https:\/\/api.w.org\/{rel}","templated":true}]}}