{"id":14,"date":"2024-01-22T13:26:28","date_gmt":"2024-01-22T12:26:28","guid":{"rendered":"https:\/\/bodegasramonsaenz.com\/latienda\/?post_type=product&#038;p=14"},"modified":"2025-04-13T14:01:57","modified_gmt":"2025-04-13T12:01:57","slug":"ramon-saenz-recuerdos-de-la-infancia-blanco-ecologico-caja-de-6-botellas-de-75-cl","status":"publish","type":"product","link":"https:\/\/bodegasramonsaenz.com\/latienda\/producto\/ramon-saenz-recuerdos-de-la-infancia-blanco-ecologico-caja-de-6-botellas-de-75-cl\/","title":{"rendered":"Ram\u00f3n S\u00e1enz, recuerdos de la infancia, blanco ecol\u00f3gico (caja de 6 botellas de 75 cl)"},"content":{"rendered":"<p>Recuerdo cuando era ni\u00f1o, ajeno a lo que acontec\u00eda en a temporada de vendimia, mi padre me daba a probar el primer mosto de la cosecha. En \u00e9l se concentraba el esfuerzo de la familia de todo un a\u00f1o. Con el paso del tiempo comenc\u00e9 a descubrir un mundo de sensaciones y experiencias. Arraigado a mi tierra, continuo el camino que un d\u00eda emprendieron mi abuelo y mi padre. Este vino expresa lo que llevo dentro de m\u00ed, un pedacito de mi coraz\u00f3n.<\/p>\n<p>PARCELAS<br \/>\nVarias parcelas situadas en Ba\u00f1os de Ebro, Rioja Alavesa.<\/p>\n<p>VI\u00d1EDOS<br \/>\nPlantaciones desde 1910 a 2007, suelo arcillo-calc\u00e1reo.<br \/>\nRendimiento de 6500 kg\/Ha.<\/p>\n<p>VITICULTURA<br \/>\nSe practica la agricultura ecol\u00f3gica certificada mediante organismo de control.<\/p>\n<p>VARIEDADES<br \/>\n80% Viura y 20% Malvas\u00eda.<\/p>\n<p>VENDIMIA<br \/>\nManual, se transporta la uva en remolques con un m\u00e1ximo de 2000kg.<\/p>\n<p>ELABORACI\u00d3N<br \/>\nRecogida por la ma\u00f1ana lo m\u00e1s fr\u00eda posible, se realiza el prensado y se fermenta con temperatura controlada entre 14 y 16 \u00baC.<\/p>\n","protected":false},"excerpt":{"rendered":"<p><img loading=\"lazy\" decoding=\"async\" class=\"alignnone wp-image-15\" src=\"https:\/\/bodegasramonsaenz.com\/latienda\/wp-content\/uploads\/2024\/01\/sello-ecologico-300x200-1.png\" alt=\"\" width=\"129\" height=\"86\" \/><\/p>\n<p><strong>A\u00d1ADA 2024<\/strong><strong>\u00a0&#8211; VINO ECOL\u00d3GICO &#8211; VARIAS PARCELAS<\/strong><\/p>\n<p>PARCELAS<br \/>\nVarias parcelas situadas en Ba\u00f1os de Ebro, Rioja Alavesa.<\/p>\n<p>VI\u00d1EDOS<br \/>\nPlantaciones desde 1910 a 2007, suelo arcillo-calc\u00e1reo.<br \/>\nRendimiento de 6500 kg\/Ha.<\/p>\n<p>VITICULTURA<br \/>\nSe practica la agricultura ecol\u00f3gica certificada mediante organismo de control.<\/p>\n<p>VARIEDADES<br \/>\n80% Viura y 20% Malvas\u00eda.<\/p>\n<p>VENDIMIA<br \/>\nManual, se transporta la uva en remolques con un m\u00e1ximo de 2000kg.<\/p>\n<p>ELABORACI\u00d3N<br \/>\nRecogida por la ma\u00f1ana lo m\u00e1s fr\u00eda posible, se realiza el prensado y se fermenta con temperatura controlada entre 14 y 16 \u00baC.<\/p>\n","protected":false},"featured_media":16,"comment_status":"open","ping_status":"closed","template":"","meta":[],"product_cat":[15],"product_tag":[],"class_list":{"0":"post-14","1":"product","2":"type-product","3":"status-publish","4":"has-post-thumbnail","6":"product_cat-sin-categorizar","8":"first","9":"instock","10":"shipping-taxable","11":"purchasable","12":"product-type-simple"},"_links":{"self":[{"href":"https:\/\/bodegasramonsaenz.com\/latienda\/wp-json\/wp\/v2\/product\/14","targetHints":{"allow":["GET"]}}],"collection":[{"href":"https:\/\/bodegasramonsaenz.com\/latienda\/wp-json\/wp\/v2\/product"}],"about":[{"href":"https:\/\/bodegasramonsaenz.com\/latienda\/wp-json\/wp\/v2\/types\/product"}],"replies":[{"embeddable":true,"href":"https:\/\/bodegasramonsaenz.com\/latienda\/wp-json\/wp\/v2\/comments?post=14"}],"wp:featuredmedia":[{"embeddable":true,"href":"https:\/\/bodegasramonsaenz.com\/latienda\/wp-json\/wp\/v2\/media\/16"}],"wp:attachment":[{"href":"https:\/\/bodegasramonsaenz.com\/latienda\/wp-json\/wp\/v2\/media?parent=14"}],"wp:term":[{"taxonomy":"product_cat","embeddable":true,"href":"https:\/\/bodegasramonsaenz.com\/latienda\/wp-json\/wp\/v2\/product_cat?post=14"},{"taxonomy":"product_tag","embeddable":true,"href":"https:\/\/bodegasramonsaenz.com\/latienda\/wp-json\/wp\/v2\/product_tag?post=14"}],"curies":[{"name":"wp","href":"https:\/\/api.w.org\/{rel}","templated":true}]}}