{"id":8,"date":"2024-01-22T13:17:22","date_gmt":"2024-01-22T12:17:22","guid":{"rendered":"https:\/\/bodegasramonsaenz.com\/latienda\/index.php\/carrito\/"},"modified":"2024-01-22T13:17:22","modified_gmt":"2024-01-22T12:17:22","slug":"carrito","status":"publish","type":"page","link":"https:\/\/bodegasramonsaenz.com\/latienda\/carrito\/","title":{"rendered":"Carrito"},"content":{"rendered":"<div data-block-name=\"woocommerce\/cart\" class=\"wp-block-woocommerce-cart alignwide is-loading\"><div data-block-name=\"woocommerce\/filled-cart-block\" class=\"wp-block-woocommerce-filled-cart-block\"><div data-block-name=\"woocommerce\/cart-items-block\" class=\"wp-block-woocommerce-cart-items-block\"><div data-block-name=\"woocommerce\/cart-line-items-block\" class=\"wp-block-woocommerce-cart-line-items-block\"><\/div>\n\n<div data-block-name=\"woocommerce\/cart-cross-sells-block\" class=\"wp-block-woocommerce-cart-cross-sells-block\">\n<h2 class=\"wp-block-heading has-large-font-size\">Puede que te interese\u2026<\/h2>\n\n\n<div data-block-name=\"woocommerce\/cart-cross-sells-products-block\" class=\"wp-block-woocommerce-cart-cross-sells-products-block\"><\/div><\/div><\/div>\n\n<div data-block-name=\"woocommerce\/cart-totals-block\" class=\"wp-block-woocommerce-cart-totals-block\"><div data-block-name=\"woocommerce\/cart-order-summary-block\" class=\"wp-block-woocommerce-cart-order-summary-block\"><div data-block-name=\"woocommerce\/cart-order-summary-heading-block\" class=\"wp-block-woocommerce-cart-order-summary-heading-block\"><\/div>\n\n<div data-block-name=\"woocommerce\/cart-order-summary-coupon-form-block\" class=\"wp-block-woocommerce-cart-order-summary-coupon-form-block\"><\/div>\n\n<div data-block-name=\"woocommerce\/cart-order-summary-subtotal-block\" class=\"wp-block-woocommerce-cart-order-summary-subtotal-block\"><\/div>\n\n<div data-block-name=\"woocommerce\/cart-order-summary-fee-block\" class=\"wp-block-woocommerce-cart-order-summary-fee-block\"><\/div>\n\n<div data-block-name=\"woocommerce\/cart-order-summary-discount-block\" class=\"wp-block-woocommerce-cart-order-summary-discount-block\"><\/div>\n\n<div data-block-name=\"woocommerce\/cart-order-summary-shipping-block\" class=\"wp-block-woocommerce-cart-order-summary-shipping-block\"><\/div>\n\n<div data-block-name=\"woocommerce\/cart-order-summary-taxes-block\" class=\"wp-block-woocommerce-cart-order-summary-taxes-block\"><\/div><\/div>\n\n<div data-block-name=\"woocommerce\/cart-express-payment-block\" class=\"wp-block-woocommerce-cart-express-payment-block\"><\/div>\n\n<div data-block-name=\"woocommerce\/proceed-to-checkout-block\" class=\"wp-block-woocommerce-proceed-to-checkout-block\"><\/div>\n\n<div data-block-name=\"woocommerce\/cart-accepted-payment-methods-block\" class=\"wp-block-woocommerce-cart-accepted-payment-methods-block\"><\/div><\/div><\/div>\n\n<div data-block-name=\"woocommerce\/empty-cart-block\" class=\"wp-block-woocommerce-empty-cart-block\">\n<h2 class=\"wp-block-heading has-text-align-center with-empty-cart-icon wc-block-cart__empty-cart__title\">\u00a1Tu carrito est\u00e1 actualmente vac\u00edo!<\/h2>\n\n\n\n<hr class=\"wp-block-separator has-alpha-channel-opacity is-style-dots\"\/>\n\n\n\n<h2 class=\"wp-block-heading has-text-align-center\">Nuevo en la tienda<\/h2>\n\n\n<div data-block-name=\"woocommerce\/product-new\" data-columns=\"4\" data-rows=\"1\" class=\"wc-block-grid wp-block-product-new wc-block-product-new has-4-columns\"><ul class=\"wc-block-grid__products\"><li class=\"wc-block-grid__product\">\n\t\t\t\t<a href=\"https:\/\/bodegasramonsaenz.com\/latienda\/producto\/ramon-saenz-pl-one-blanco-ecologico-caja-de-3-botellas-de-75-cl\/\" class=\"wc-block-grid__product-link\">\n\t\t\t\t\t\n\t\t\t\t\t<div class=\"wc-block-grid__product-image\"><img loading=\"lazy\" decoding=\"async\" width=\"300\" height=\"300\" src=\"https:\/\/bodegasramonsaenz.com\/latienda\/wp-content\/uploads\/2024\/12\/Ramon-Saenz-PL-One-sin-anada-web-300x300.jpg\" class=\"attachment-woocommerce_thumbnail size-woocommerce_thumbnail\" alt=\"Ram\u00f3n S\u00e1enz, pl one, blanco ecol\u00f3gico (caja de 3 botellas de 75 cl.)\" srcset=\"https:\/\/bodegasramonsaenz.com\/latienda\/wp-content\/uploads\/2024\/12\/Ramon-Saenz-PL-One-sin-anada-web-300x300.jpg 300w, https:\/\/bodegasramonsaenz.com\/latienda\/wp-content\/uploads\/2024\/12\/Ramon-Saenz-PL-One-sin-anada-web-150x150.jpg 150w, https:\/\/bodegasramonsaenz.com\/latienda\/wp-content\/uploads\/2024\/12\/Ramon-Saenz-PL-One-sin-anada-web-100x100.jpg 100w\" sizes=\"auto, (max-width: 300px) 100vw, 300px\" \/><\/div>\n\t\t\t\t\t<div class=\"wc-block-grid__product-title\">Ram\u00f3n S\u00e1enz, pl one, blanco ecol\u00f3gico (caja de 3 botellas de 75 cl.)<\/div>\n\t\t\t\t<\/a>\n\t\t\t\t<div class=\"wc-block-grid__product-price price\"><span class=\"woocommerce-Price-amount amount\">60,00&nbsp;<span class=\"woocommerce-Price-currencySymbol\">&euro;<\/span><\/span><\/div>\n\t\t\t\t\n\t\t\t\t<div class=\"wp-block-button wc-block-grid__product-add-to-cart\"><a href=\"?add-to-cart=85\" aria-label=\"Add to cart: &ldquo;Ram\u00f3n S\u00e1enz, pl one, blanco ecol\u00f3gico (caja de 3 botellas de 75 cl.)&rdquo;\" data-quantity=\"1\" data-product_id=\"85\" data-product_sku=\"\" data-price=\"60\" rel=\"nofollow\" class=\"wp-block-button__link wp-element-button add_to_cart_button ajax_add_to_cart\">Add to cart<\/a><\/div>\n\t\t\t<\/li><li class=\"wc-block-grid__product\">\n\t\t\t\t<a href=\"https:\/\/bodegasramonsaenz.com\/latienda\/producto\/ramon-saenz-lvl-one-tinto-ecologico-caja-de-3-botellas-de-75-cl\/\" class=\"wc-block-grid__product-link\">\n\t\t\t\t\t\n\t\t\t\t\t<div class=\"wc-block-grid__product-image\"><img loading=\"lazy\" decoding=\"async\" width=\"300\" height=\"300\" src=\"https:\/\/bodegasramonsaenz.com\/latienda\/wp-content\/uploads\/2024\/12\/Ramon-Saenz-IVI-One-web-300x300.jpg\" class=\"attachment-woocommerce_thumbnail size-woocommerce_thumbnail\" alt=\"Ram\u00f3n S\u00e1enz, lvl one, tinto ecol\u00f3gico (caja de 3 botellas de 75 cl.)\" srcset=\"https:\/\/bodegasramonsaenz.com\/latienda\/wp-content\/uploads\/2024\/12\/Ramon-Saenz-IVI-One-web-300x300.jpg 300w, https:\/\/bodegasramonsaenz.com\/latienda\/wp-content\/uploads\/2024\/12\/Ramon-Saenz-IVI-One-web-150x150.jpg 150w, https:\/\/bodegasramonsaenz.com\/latienda\/wp-content\/uploads\/2024\/12\/Ramon-Saenz-IVI-One-web-100x100.jpg 100w\" sizes=\"auto, (max-width: 300px) 100vw, 300px\" \/><\/div>\n\t\t\t\t\t<div class=\"wc-block-grid__product-title\">Ram\u00f3n S\u00e1enz, lvl one, tinto ecol\u00f3gico (caja de 3 botellas de 75 cl.)<\/div>\n\t\t\t\t<\/a>\n\t\t\t\t<div class=\"wc-block-grid__product-price price\"><span class=\"woocommerce-Price-amount amount\">72,00&nbsp;<span class=\"woocommerce-Price-currencySymbol\">&euro;<\/span><\/span><\/div>\n\t\t\t\t\n\t\t\t\t<div class=\"wp-block-button wc-block-grid__product-add-to-cart\"><a href=\"?add-to-cart=82\" aria-label=\"Add to cart: &ldquo;Ram\u00f3n S\u00e1enz, lvl one, tinto ecol\u00f3gico (caja de 3 botellas de 75 cl.)&rdquo;\" data-quantity=\"1\" data-product_id=\"82\" data-product_sku=\"\" data-price=\"72\" rel=\"nofollow\" class=\"wp-block-button__link wp-element-button add_to_cart_button ajax_add_to_cart\">Add to cart<\/a><\/div>\n\t\t\t<\/li><li class=\"wc-block-grid__product\">\n\t\t\t\t<a href=\"https:\/\/bodegasramonsaenz.com\/latienda\/producto\/cimadago-autor-tinto-ecologico-caja-de-6-botellas-de-75-cl\/\" class=\"wc-block-grid__product-link\">\n\t\t\t\t\t<div class=\"wc-block-grid__product-onsale\">\n\t\t\t<span aria-hidden=\"true\">Sale<\/span>\n\t\t\t<span class=\"screen-reader-text\">Product on sale<\/span>\n\t\t<\/div>\n\t\t\t\t\t<div class=\"wc-block-grid__product-image\"><img loading=\"lazy\" decoding=\"async\" width=\"300\" height=\"300\" src=\"https:\/\/bodegasramonsaenz.com\/latienda\/wp-content\/uploads\/2024\/01\/cimadago-300x300.jpg\" class=\"attachment-woocommerce_thumbnail size-woocommerce_thumbnail\" alt=\"Cimadago autor, tinto ecol\u00f3gico, (caja de 6 botellas de 75 cl.)\" srcset=\"https:\/\/bodegasramonsaenz.com\/latienda\/wp-content\/uploads\/2024\/01\/cimadago-300x300.jpg 300w, https:\/\/bodegasramonsaenz.com\/latienda\/wp-content\/uploads\/2024\/01\/cimadago-100x100.jpg 100w, https:\/\/bodegasramonsaenz.com\/latienda\/wp-content\/uploads\/2024\/01\/cimadago-150x150.jpg 150w\" sizes=\"auto, (max-width: 300px) 100vw, 300px\" \/><\/div>\n\t\t\t\t\t<div class=\"wc-block-grid__product-title\">Cimadago autor, tinto ecol\u00f3gico, (caja de 6 botellas de 75 cl.)<\/div>\n\t\t\t\t<\/a>\n\t\t\t\t<div class=\"wc-block-grid__product-price price\"><del aria-hidden=\"true\"><span class=\"woocommerce-Price-amount amount\">60,00&nbsp;<span class=\"woocommerce-Price-currencySymbol\">&euro;<\/span><\/span><\/del> <ins><span class=\"woocommerce-Price-amount amount\">48,00&nbsp;<span class=\"woocommerce-Price-currencySymbol\">&euro;<\/span><\/span><\/ins><\/div>\n\t\t\t\t<div class=\"wc-block-grid__product-rating\"><div class=\"star-rating\" role=\"img\" aria-label=\"Rated 5.00 out of 5\"><span style=\"width:100%\">Rated <strong class=\"rating\">5.00<\/strong> out of 5 based on <span class=\"rating\">1<\/span> customer rating<\/span><\/div><\/div>\n\t\t\t\t<div class=\"wp-block-button wc-block-grid__product-add-to-cart\"><a href=\"?add-to-cart=23\" aria-label=\"Add to cart: &ldquo;Cimadago autor, tinto ecol\u00f3gico, (caja de 6 botellas de 75 cl.)&rdquo;\" data-quantity=\"1\" data-product_id=\"23\" data-product_sku=\"\" data-price=\"48\" rel=\"nofollow\" class=\"wp-block-button__link wp-element-button add_to_cart_button ajax_add_to_cart\">Add to cart<\/a><\/div>\n\t\t\t<\/li><li class=\"wc-block-grid__product\">\n\t\t\t\t<a href=\"https:\/\/bodegasramonsaenz.com\/latienda\/producto\/ramon-saenz-pequeno-bastion-tinto-ecologico-caja-de-6-botellas-de-75-cl\/\" class=\"wc-block-grid__product-link\">\n\t\t\t\t\t\n\t\t\t\t\t<div class=\"wc-block-grid__product-image\"><img loading=\"lazy\" decoding=\"async\" width=\"300\" height=\"300\" src=\"https:\/\/bodegasramonsaenz.com\/latienda\/wp-content\/uploads\/2024\/01\/PEQUENO-BASTION-300x300.jpg\" class=\"attachment-woocommerce_thumbnail size-woocommerce_thumbnail\" alt=\"Ram\u00f3n S\u00e1enz, peque\u00f1o basti\u00f3n, tinto ecol\u00f3gico (caja de 6 botellas de 75 cl.)\" srcset=\"https:\/\/bodegasramonsaenz.com\/latienda\/wp-content\/uploads\/2024\/01\/PEQUENO-BASTION-300x300.jpg 300w, https:\/\/bodegasramonsaenz.com\/latienda\/wp-content\/uploads\/2024\/01\/PEQUENO-BASTION-100x100.jpg 100w, https:\/\/bodegasramonsaenz.com\/latienda\/wp-content\/uploads\/2024\/01\/PEQUENO-BASTION-150x150.jpg 150w\" sizes=\"auto, (max-width: 300px) 100vw, 300px\" \/><\/div>\n\t\t\t\t\t<div class=\"wc-block-grid__product-title\">Ram\u00f3n S\u00e1enz, peque\u00f1o basti\u00f3n, tinto ecol\u00f3gico (caja de 6 botellas de 75 cl.)<\/div>\n\t\t\t\t<\/a>\n\t\t\t\t<div class=\"wc-block-grid__product-price price\"><span class=\"woocommerce-Price-amount amount\">90,00&nbsp;<span class=\"woocommerce-Price-currencySymbol\">&euro;<\/span><\/span><\/div>\n\t\t\t\t\n\t\t\t\t<div class=\"wp-block-button wc-block-grid__product-add-to-cart\"><a href=\"?add-to-cart=21\" aria-label=\"Add to cart: &ldquo;Ram\u00f3n S\u00e1enz, peque\u00f1o basti\u00f3n, tinto ecol\u00f3gico (caja de 6 botellas de 75 cl.)&rdquo;\" data-quantity=\"1\" data-product_id=\"21\" data-product_sku=\"\" data-price=\"90\" rel=\"nofollow\" class=\"wp-block-button__link wp-element-button add_to_cart_button ajax_add_to_cart\">Add to cart<\/a><\/div>\n\t\t\t<\/li><\/ul><\/div><\/div><\/div>","protected":false},"excerpt":{"rendered":"","protected":false},"author":1,"featured_media":0,"parent":0,"menu_order":0,"comment_status":"closed","ping_status":"closed","template":"","meta":{"footnotes":""},"class_list":["post-8","page","type-page","status-publish","hentry"],"_links":{"self":[{"href":"https:\/\/bodegasramonsaenz.com\/latienda\/wp-json\/wp\/v2\/pages\/8","targetHints":{"allow":["GET"]}}],"collection":[{"href":"https:\/\/bodegasramonsaenz.com\/latienda\/wp-json\/wp\/v2\/pages"}],"about":[{"href":"https:\/\/bodegasramonsaenz.com\/latienda\/wp-json\/wp\/v2\/types\/page"}],"author":[{"embeddable":true,"href":"https:\/\/bodegasramonsaenz.com\/latienda\/wp-json\/wp\/v2\/users\/1"}],"replies":[{"embeddable":true,"href":"https:\/\/bodegasramonsaenz.com\/latienda\/wp-json\/wp\/v2\/comments?post=8"}],"version-history":[{"count":0,"href":"https:\/\/bodegasramonsaenz.com\/latienda\/wp-json\/wp\/v2\/pages\/8\/revisions"}],"wp:attachment":[{"href":"https:\/\/bodegasramonsaenz.com\/latienda\/wp-json\/wp\/v2\/media?parent=8"}],"curies":[{"name":"wp","href":"https:\/\/api.w.org\/{rel}","templated":true}]}}